{"id":10,"date":"2023-10-03T15:24:30","date_gmt":"2023-10-03T15:24:30","guid":{"rendered":"https:\/\/tcg.adv.br\/adv\/?page_id=10"},"modified":"2024-05-07T20:55:03","modified_gmt":"2024-05-07T23:55:03","slug":"home","status":"publish","type":"page","link":"https:\/\/tcg.adv.br\/adv\/","title":{"rendered":"Home"},"content":{"rendered":"\t\t<div data-elementor-type=\"wp-page\" data-elementor-id=\"10\" class=\"elementor elementor-10\">\n\t\t\t\t<div class=\"elementor-element elementor-element-4035742 e-flex e-con-boxed e-con e-parent\" data-id=\"4035742\" data-element_type=\"container\" data-e-type=\"container\">\n\t\t\t\t\t<div class=\"e-con-inner\">\n\t\t<div class=\"elementor-element elementor-element-6d8f7dd e-grid e-con-boxed e-con e-child\" data-id=\"6d8f7dd\" data-element_type=\"container\" data-e-type=\"container\">\n\t\t\t\t\t<div class=\"e-con-inner\">\n\t\t\t\t<div class=\"elementor-element elementor-element-bcbb6df elementor-widget__width-initial elementor-widget elementor-widget-text-editor\" data-id=\"bcbb6df\" data-element_type=\"widget\" data-e-type=\"widget\" data-widget_type=\"text-editor.default\">\n\t\t\t\t<div class=\"elementor-widget-container\">\n\t\t\t\t\t\t\t\t\t<p><span style=\"color: #ffffff; font-size: 17px; text-align: justify; font-family: var( --e-global-typography-text-font-family ), Sans-serif; font-weight: var( --e-global-typography-text-font-weight ); background-color: var( --e-global-color-secondary ); letter-spacing: 0px;\">S\u00e3o 40 anos de experi\u00eancia. Oferecemos representa\u00e7\u00e3o legal equitativa e personalizada, com estrat\u00e9gias inovadoras e advogados experientes.<\/span><\/p>\t\t\t\t\t\t\t\t<\/div>\n\t\t\t\t<\/div>\n\t\t\t\t<div class=\"elementor-element elementor-element-0d6e60f elementor-widget__width-initial elementor-widget elementor-widget-image\" data-id=\"0d6e60f\" data-element_type=\"widget\" data-e-type=\"widget\" data-widget_type=\"image.default\">\n\t\t\t\t<div class=\"elementor-widget-container\">\n\t\t\t\t\t\t\t\t\t\t\t\t\t\t\t<img fetchpriority=\"high\" decoding=\"async\" width=\"366\" height=\"173\" src=\"https:\/\/tcg.adv.br\/adv\/wp-content\/uploads\/2023\/10\/TCG_40_anos_logo-removebg-preview-e1699618366404.png\" class=\"elementor-animation-push attachment-full size-full wp-image-373\" alt=\"\" srcset=\"https:\/\/tcg.adv.br\/adv\/wp-content\/uploads\/2023\/10\/TCG_40_anos_logo-removebg-preview-e1699618366404.png 366w, https:\/\/tcg.adv.br\/adv\/wp-content\/uploads\/2023\/10\/TCG_40_anos_logo-removebg-preview-e1699618366404-300x142.png 300w\" sizes=\"(max-width: 366px) 100vw, 366px\" \/>\t\t\t\t\t\t\t\t\t\t\t\t\t\t\t<\/div>\n\t\t\t\t<\/div>\n\t\t\t\t\t<\/div>\n\t\t\t\t<\/div>\n\t\t\t\t\t<\/div>\n\t\t\t\t<\/div>\n\t\t<div class=\"elementor-element elementor-element-f2f98fd e-flex e-con-boxed e-con e-parent\" data-id=\"f2f98fd\" data-element_type=\"container\" data-e-type=\"container\">\n\t\t\t\t\t<div class=\"e-con-inner\">\n\t\t<div class=\"elementor-element elementor-element-c978a5e e-con-full e-flex e-con e-child\" data-id=\"c978a5e\" data-element_type=\"container\" data-e-type=\"container\" data-settings=\"{&quot;background_background&quot;:&quot;classic&quot;}\">\n\t\t\t\t<div class=\"elementor-element elementor-element-3867616 elementor-widget elementor-widget-image\" data-id=\"3867616\" data-element_type=\"widget\" data-e-type=\"widget\" data-widget_type=\"image.default\">\n\t\t\t\t<div class=\"elementor-widget-container\">\n\t\t\t\t\t\t\t\t\t\t\t\t\t\t\t<img decoding=\"async\" width=\"698\" height=\"465\" src=\"https:\/\/tcg.adv.br\/adv\/wp-content\/uploads\/2023\/10\/TCG-maos.jpg\" class=\"attachment-full size-full wp-image-126\" alt=\"\" srcset=\"https:\/\/tcg.adv.br\/adv\/wp-content\/uploads\/2023\/10\/TCG-maos.jpg 698w, https:\/\/tcg.adv.br\/adv\/wp-content\/uploads\/2023\/10\/TCG-maos-300x200.jpg 300w, https:\/\/tcg.adv.br\/adv\/wp-content\/uploads\/2023\/10\/TCG-maos-600x400.jpg 600w\" sizes=\"(max-width: 698px) 100vw, 698px\" \/>\t\t\t\t\t\t\t\t\t\t\t\t\t\t\t<\/div>\n\t\t\t\t<\/div>\n\t\t\t\t<div class=\"elementor-element elementor-element-69ab434 elementor-widget elementor-widget-heading\" data-id=\"69ab434\" data-element_type=\"widget\" data-e-type=\"widget\" data-widget_type=\"heading.default\">\n\t\t\t\t<div class=\"elementor-widget-container\">\n\t\t\t\t\t<h2 class=\"elementor-heading-title elementor-size-default\">#somostcg<\/h2>\t\t\t\t<\/div>\n\t\t\t\t<\/div>\n\t\t\t\t<\/div>\n\t\t<div class=\"elementor-element elementor-element-0484e63 e-con-full e-flex e-con e-child\" data-id=\"0484e63\" data-element_type=\"container\" data-e-type=\"container\">\n\t\t\t\t<div class=\"elementor-element elementor-element-9b7d256 elementor-widget elementor-widget-text-editor\" data-id=\"9b7d256\" data-element_type=\"widget\" data-e-type=\"widget\" data-widget_type=\"text-editor.default\">\n\t\t\t\t<div class=\"elementor-widget-container\">\n\t\t\t\t\t\t\t\t\t<p>Em atividade desde 1983, temos como foco de nossa atua\u00e7\u00e3o a \u00e1rea de solu\u00e7\u00e3o de conflitos, tanto no \u00e2mbito judicial quanto no administrativo, compreendendo a representa\u00e7\u00e3o de nossos clientes de forma abrangente, perante todos os tribunais do pa\u00eds e ag\u00eancias reguladoras, em temas relacionados ao Direito Civil e Comercial.<\/p><p>Atuamos, tamb\u00e9m, de forma preventiva, identificando potenciais causas e riscos geradores de demandas, trabalhando conjuntamente com o cliente para evitar ou minimizar a propositura de a\u00e7\u00f5es judiciais e suas consequ\u00eancias.<\/p><p>Nossos advogados possuem ampla experi\u00eancia na condu\u00e7\u00e3o de a\u00e7\u00f5es judiciais relevantes, cuidando de temas considerados estrat\u00e9gicos por nossos clientes, sempre buscando as solu\u00e7\u00f5es mais adequadas, criativas e eficientes.<\/p>\t\t\t\t\t\t\t\t<\/div>\n\t\t\t\t<\/div>\n\t\t\t\t<\/div>\n\t\t\t\t\t<\/div>\n\t\t\t\t<\/div>\n\t\t\t\t<\/div>\n\t\t","protected":false},"excerpt":{"rendered":"<p>S\u00e3o 40 anos de experi\u00eancia. Oferecemos representa\u00e7\u00e3o legal equitativa e personalizada, com estrat\u00e9gias inovadoras e advogados experientes. #somostcg Em atividade desde 1983, temos como foco de nossa atua\u00e7\u00e3o a \u00e1rea de solu\u00e7\u00e3o de conflitos, tanto no \u00e2mbito judicial quanto no administrativo, compreendendo a representa\u00e7\u00e3o de nossos clientes de forma abrangente, perante todos os tribunais do [&hellip;]<\/p>\n","protected":false},"author":1,"featured_media":0,"parent":0,"menu_order":0,"comment_status":"closed","ping_status":"closed","template":"elementor_header_footer","meta":{"footnotes":""},"class_list":["post-10","page","type-page","status-publish","hentry"],"_links":{"self":[{"href":"https:\/\/tcg.adv.br\/adv\/wp-json\/wp\/v2\/pages\/10","targetHints":{"allow":["GET"]}}],"collection":[{"href":"https:\/\/tcg.adv.br\/adv\/wp-json\/wp\/v2\/pages"}],"about":[{"href":"https:\/\/tcg.adv.br\/adv\/wp-json\/wp\/v2\/types\/page"}],"author":[{"embeddable":true,"href":"https:\/\/tcg.adv.br\/adv\/wp-json\/wp\/v2\/users\/1"}],"replies":[{"embeddable":true,"href":"https:\/\/tcg.adv.br\/adv\/wp-json\/wp\/v2\/comments?post=10"}],"version-history":[{"count":472,"href":"https:\/\/tcg.adv.br\/adv\/wp-json\/wp\/v2\/pages\/10\/revisions"}],"predecessor-version":[{"id":1473,"href":"https:\/\/tcg.adv.br\/adv\/wp-json\/wp\/v2\/pages\/10\/revisions\/1473"}],"wp:attachment":[{"href":"https:\/\/tcg.adv.br\/adv\/wp-json\/wp\/v2\/media?parent=10"}],"curies":[{"name":"wp","href":"https:\/\/api.w.org\/{rel}","templated":true}]}}