{"id":1017,"date":"2023-11-16T11:57:43","date_gmt":"2023-11-16T14:57:43","guid":{"rendered":"https:\/\/tcg.adv.br\/adv\/?page_id=1017"},"modified":"2024-05-07T20:32:37","modified_gmt":"2024-05-07T23:32:37","slug":"direito-bancario","status":"publish","type":"page","link":"https:\/\/tcg.adv.br\/adv\/direito-bancario\/","title":{"rendered":"Direito Banc\u00e1rio"},"content":{"rendered":"\t\t<div data-elementor-type=\"wp-page\" data-elementor-id=\"1017\" class=\"elementor elementor-1017\">\n\t\t\t\t<div class=\"elementor-element elementor-element-31eb652 e-flex e-con-boxed e-con e-parent\" data-id=\"31eb652\" data-element_type=\"container\" data-e-type=\"container\">\n\t\t\t\t\t<div class=\"e-con-inner\">\n\t\t\t\t<div class=\"elementor-element elementor-element-484cba8 elementor-widget-divider--view-line elementor-widget elementor-widget-divider\" data-id=\"484cba8\" data-element_type=\"widget\" data-e-type=\"widget\" data-widget_type=\"divider.default\">\n\t\t\t\t<div class=\"elementor-widget-container\">\n\t\t\t\t\t\t\t<div class=\"elementor-divider\">\n\t\t\t<span class=\"elementor-divider-separator\">\n\t\t\t\t\t\t<\/span>\n\t\t<\/div>\n\t\t\t\t\t\t<\/div>\n\t\t\t\t<\/div>\n\t\t\t\t\t<\/div>\n\t\t\t\t<\/div>\n\t\t<div class=\"elementor-element elementor-element-5525dec e-flex e-con-boxed e-con e-parent\" data-id=\"5525dec\" data-element_type=\"container\" data-e-type=\"container\">\n\t\t\t\t\t<div class=\"e-con-inner\">\n\t\t<div class=\"elementor-element elementor-element-1022e7b e-con-full e-flex e-con e-child\" data-id=\"1022e7b\" data-element_type=\"container\" data-e-type=\"container\">\n\t\t\t\t<div class=\"elementor-element elementor-element-4e59b61 elementor-widget elementor-widget-heading\" data-id=\"4e59b61\" data-element_type=\"widget\" data-e-type=\"widget\" data-widget_type=\"heading.default\">\n\t\t\t\t<div class=\"elementor-widget-container\">\n\t\t\t\t\t<h2 class=\"elementor-heading-title elementor-size-default\">Direito Banc\u00e1rio<\/h2>\t\t\t\t<\/div>\n\t\t\t\t<\/div>\n\t\t\t\t<\/div>\n\t\t<div class=\"elementor-element elementor-element-aede05e e-con-full e-flex e-con e-child\" data-id=\"aede05e\" data-element_type=\"container\" data-e-type=\"container\">\n\t\t\t\t<div class=\"elementor-element elementor-element-c369b24 elementor-widget elementor-widget-text-editor\" data-id=\"c369b24\" data-element_type=\"widget\" data-e-type=\"widget\" data-widget_type=\"text-editor.default\">\n\t\t\t\t<div class=\"elementor-widget-container\">\n\t\t\t\t\t\t\t\t\t<p>O direito banc\u00e1rio certamente \u00e9 um dos segmentos jur\u00eddicos que mais acumula conflitos entre clientes e suas institui\u00e7\u00f5es banc\u00e1rias.<\/p><p><span style=\"color: var( --e-global-color-text ); font-family: var( --e-global-typography-text-font-family ), Sans-serif; font-size: var( --e-global-typography-text-font-size ); font-weight: var( --e-global-typography-text-font-weight ); text-align: var(--text-align); letter-spacing: 0px;\">O escrit\u00f3rio, iniciou suas atividades, atendendo os principais players do sistema financeiro (bancos, financeiras, startups e fundos de investimento). e atuou diretamente nas principais a\u00e7\u00f5es \u201cleading case\u201d relacionado ao tema, que foram apreciados pelo Superior Tribunal de Justi\u00e7a: Comiss\u00e3o de Perman\u00eancia (REsp 1058114 e REsp 1063343 \u2013 Recurso Repetitivo), Tarifas Banc\u00e1rias (REsp 1270174 \u2013 Pacifica\u00e7\u00e3o de Mat\u00e9ria) e ISS nas Opera\u00e7\u00f5es de Arrendamento Mercantil (REsp 1060210 \u2013 Recurso Repetitivo).<\/span><\/p><p><span style=\"color: var( --e-global-color-text ); font-family: var( --e-global-typography-text-font-family ), Sans-serif; font-size: var( --e-global-typography-text-font-size ); font-weight: var( --e-global-typography-text-font-weight ); text-align: var(--text-align); letter-spacing: 0px;\">Experi\u00eancia na elabora\u00e7\u00e3o de contratos, renegocia\u00e7\u00f5es de d\u00edvidas, e a\u00e7\u00f5es onde s\u00e3o tratados temas sens\u00edveis (superendividamento, juros e fraudes).<\/span><\/p><p>Atualmente o escrit\u00f3rio possui assento nas principais entidades do segmento (Febraban, ANEF e IASP). O s\u00f3cio titular \u00e9 o presidente da Comiss\u00e3o Especial de Direito Banc\u00e1rio da OAB\/SP (Tri\u00eanio 2021\/2024).<\/p>\t\t\t\t\t\t\t\t<\/div>\n\t\t\t\t<\/div>\n\t\t\t\t<\/div>\n\t\t\t\t\t<\/div>\n\t\t\t\t<\/div>\n\t\t\t\t<\/div>\n\t\t","protected":false},"excerpt":{"rendered":"<p>Direito Banc\u00e1rio O direito banc\u00e1rio certamente \u00e9 um dos segmentos jur\u00eddicos que mais acumula conflitos entre clientes e suas institui\u00e7\u00f5es banc\u00e1rias. O escrit\u00f3rio, iniciou suas atividades, atendendo os principais players do sistema financeiro (bancos, financeiras, startups e fundos de investimento). e atuou diretamente nas principais a\u00e7\u00f5es \u201cleading case\u201d relacionado ao tema, que foram apreciados pelo [&hellip;]<\/p>\n","protected":false},"author":1,"featured_media":0,"parent":0,"menu_order":0,"comment_status":"closed","ping_status":"closed","template":"elementor_header_footer","meta":{"footnotes":""},"class_list":["post-1017","page","type-page","status-publish","hentry"],"_links":{"self":[{"href":"https:\/\/tcg.adv.br\/adv\/wp-json\/wp\/v2\/pages\/1017","targetHints":{"allow":["GET"]}}],"collection":[{"href":"https:\/\/tcg.adv.br\/adv\/wp-json\/wp\/v2\/pages"}],"about":[{"href":"https:\/\/tcg.adv.br\/adv\/wp-json\/wp\/v2\/types\/page"}],"author":[{"embeddable":true,"href":"https:\/\/tcg.adv.br\/adv\/wp-json\/wp\/v2\/users\/1"}],"replies":[{"embeddable":true,"href":"https:\/\/tcg.adv.br\/adv\/wp-json\/wp\/v2\/comments?post=1017"}],"version-history":[{"count":19,"href":"https:\/\/tcg.adv.br\/adv\/wp-json\/wp\/v2\/pages\/1017\/revisions"}],"predecessor-version":[{"id":1451,"href":"https:\/\/tcg.adv.br\/adv\/wp-json\/wp\/v2\/pages\/1017\/revisions\/1451"}],"wp:attachment":[{"href":"https:\/\/tcg.adv.br\/adv\/wp-json\/wp\/v2\/media?parent=1017"}],"curies":[{"name":"wp","href":"https:\/\/api.w.org\/{rel}","templated":true}]}}