{"id":1019,"date":"2023-11-16T11:58:12","date_gmt":"2023-11-16T14:58:12","guid":{"rendered":"https:\/\/tcg.adv.br\/adv\/?page_id=1019"},"modified":"2023-11-16T19:50:50","modified_gmt":"2023-11-16T22:50:50","slug":"cobranca-de-dividas","status":"publish","type":"page","link":"https:\/\/tcg.adv.br\/adv\/cobranca-de-dividas\/","title":{"rendered":"Cobran\u00e7a de D\u00edvidas"},"content":{"rendered":"\t\t<div data-elementor-type=\"wp-page\" data-elementor-id=\"1019\" class=\"elementor elementor-1019\">\n\t\t\t\t<div class=\"elementor-element elementor-element-0e69218 e-flex e-con-boxed e-con e-parent\" data-id=\"0e69218\" data-element_type=\"container\" data-e-type=\"container\">\n\t\t\t\t\t<div class=\"e-con-inner\">\n\t\t\t\t<div class=\"elementor-element elementor-element-3494736 elementor-widget-divider--view-line elementor-widget elementor-widget-divider\" data-id=\"3494736\" data-element_type=\"widget\" data-e-type=\"widget\" data-widget_type=\"divider.default\">\n\t\t\t\t<div class=\"elementor-widget-container\">\n\t\t\t\t\t\t\t<div class=\"elementor-divider\">\n\t\t\t<span class=\"elementor-divider-separator\">\n\t\t\t\t\t\t<\/span>\n\t\t<\/div>\n\t\t\t\t\t\t<\/div>\n\t\t\t\t<\/div>\n\t\t\t\t\t<\/div>\n\t\t\t\t<\/div>\n\t\t<div class=\"elementor-element elementor-element-c12eb06 e-flex e-con-boxed e-con e-parent\" data-id=\"c12eb06\" data-element_type=\"container\" data-e-type=\"container\">\n\t\t\t\t\t<div class=\"e-con-inner\">\n\t\t<div class=\"elementor-element elementor-element-652a828 e-flex e-con-boxed e-con e-child\" data-id=\"652a828\" data-element_type=\"container\" data-e-type=\"container\">\n\t\t\t\t\t<div class=\"e-con-inner\">\n\t\t<div class=\"elementor-element elementor-element-fd0ab0f e-con-full e-flex e-con e-child\" data-id=\"fd0ab0f\" data-element_type=\"container\" data-e-type=\"container\">\n\t\t\t\t<div class=\"elementor-element elementor-element-071e2f3 elementor-widget elementor-widget-heading\" data-id=\"071e2f3\" data-element_type=\"widget\" data-e-type=\"widget\" data-widget_type=\"heading.default\">\n\t\t\t\t<div class=\"elementor-widget-container\">\n\t\t\t\t\t<h2 class=\"elementor-heading-title elementor-size-default\">Cobran\u00e7a de D\u00edvidas<\/h2>\t\t\t\t<\/div>\n\t\t\t\t<\/div>\n\t\t\t\t<\/div>\n\t\t<div class=\"elementor-element elementor-element-5a62314 e-con-full e-flex e-con e-child\" data-id=\"5a62314\" data-element_type=\"container\" data-e-type=\"container\">\n\t\t\t\t<div class=\"elementor-element elementor-element-936a419 elementor-widget elementor-widget-text-editor\" data-id=\"936a419\" data-element_type=\"widget\" data-e-type=\"widget\" data-widget_type=\"text-editor.default\">\n\t\t\t\t<div class=\"elementor-widget-container\">\n\t\t\t\t\t\t\t\t\t<p>Reconhecida atua\u00e7\u00e3o em procedimento de Recupera\u00e7\u00e3o de cr\u00e9dito, onde atrav\u00e9s de estrat\u00e9gias e equipe especializada, atua para bancos, financeiros e empresas de m\u00e9dio e grande porte, com o objetivo reaver valores devidos, seja por meio de negocia\u00e7\u00f5es, acordos, cobran\u00e7as extrajudiciais ou a\u00e7\u00f5es judiciais.<\/p>\n<p><span style=\"color: var( --e-global-color-text ); font-family: var( --e-global-typography-text-font-family ), Sans-serif; font-size: var( --e-global-typography-text-font-size ); font-weight: var( --e-global-typography-text-font-weight ); letter-spacing: 0px;\">Destaca-se ainda estrat\u00e9gias de cobran\u00e7a reavendo valores de entes p\u00fablicos que aderiram a programas de desenvolvimento, como p. exemplo \u201cCaminho da Escola\u201d.<\/span><br><\/p>\t\t\t\t\t\t\t\t<\/div>\n\t\t\t\t<\/div>\n\t\t\t\t<\/div>\n\t\t\t\t\t<\/div>\n\t\t\t\t<\/div>\n\t\t\t\t\t<\/div>\n\t\t\t\t<\/div>\n\t\t\t\t<\/div>\n\t\t","protected":false},"excerpt":{"rendered":"<p>Cobran\u00e7a de D\u00edvidas Reconhecida atua\u00e7\u00e3o em procedimento de Recupera\u00e7\u00e3o de cr\u00e9dito, onde atrav\u00e9s de estrat\u00e9gias e equipe especializada, atua para bancos, financeiros e empresas de m\u00e9dio e grande porte, com o objetivo reaver valores devidos, seja por meio de negocia\u00e7\u00f5es, acordos, cobran\u00e7as extrajudiciais ou a\u00e7\u00f5es judiciais. Destaca-se ainda estrat\u00e9gias de cobran\u00e7a reavendo valores de entes [&hellip;]<\/p>\n","protected":false},"author":1,"featured_media":0,"parent":0,"menu_order":0,"comment_status":"closed","ping_status":"closed","template":"elementor_header_footer","meta":{"footnotes":""},"class_list":["post-1019","page","type-page","status-publish","hentry"],"_links":{"self":[{"href":"https:\/\/tcg.adv.br\/adv\/wp-json\/wp\/v2\/pages\/1019","targetHints":{"allow":["GET"]}}],"collection":[{"href":"https:\/\/tcg.adv.br\/adv\/wp-json\/wp\/v2\/pages"}],"about":[{"href":"https:\/\/tcg.adv.br\/adv\/wp-json\/wp\/v2\/types\/page"}],"author":[{"embeddable":true,"href":"https:\/\/tcg.adv.br\/adv\/wp-json\/wp\/v2\/users\/1"}],"replies":[{"embeddable":true,"href":"https:\/\/tcg.adv.br\/adv\/wp-json\/wp\/v2\/comments?post=1019"}],"version-history":[{"count":10,"href":"https:\/\/tcg.adv.br\/adv\/wp-json\/wp\/v2\/pages\/1019\/revisions"}],"predecessor-version":[{"id":1157,"href":"https:\/\/tcg.adv.br\/adv\/wp-json\/wp\/v2\/pages\/1019\/revisions\/1157"}],"wp:attachment":[{"href":"https:\/\/tcg.adv.br\/adv\/wp-json\/wp\/v2\/media?parent=1019"}],"curies":[{"name":"wp","href":"https:\/\/api.w.org\/{rel}","templated":true}]}}