{"id":1021,"date":"2023-11-16T11:58:38","date_gmt":"2023-11-16T14:58:38","guid":{"rendered":"https:\/\/tcg.adv.br\/adv\/?page_id=1021"},"modified":"2023-11-16T19:57:49","modified_gmt":"2023-11-16T22:57:49","slug":"direito-do-consumidor","status":"publish","type":"page","link":"https:\/\/tcg.adv.br\/adv\/direito-do-consumidor\/","title":{"rendered":"Direito do Consumidor"},"content":{"rendered":"\t\t<div data-elementor-type=\"wp-page\" data-elementor-id=\"1021\" class=\"elementor elementor-1021\">\n\t\t\t\t<div class=\"elementor-element elementor-element-23443d8 e-flex e-con-boxed e-con e-parent\" data-id=\"23443d8\" data-element_type=\"container\" data-e-type=\"container\">\n\t\t\t\t\t<div class=\"e-con-inner\">\n\t\t\t\t<div class=\"elementor-element elementor-element-9554ce6 elementor-widget-divider--view-line elementor-widget elementor-widget-divider\" data-id=\"9554ce6\" data-element_type=\"widget\" data-e-type=\"widget\" data-widget_type=\"divider.default\">\n\t\t\t\t<div class=\"elementor-widget-container\">\n\t\t\t\t\t\t\t<div class=\"elementor-divider\">\n\t\t\t<span class=\"elementor-divider-separator\">\n\t\t\t\t\t\t<\/span>\n\t\t<\/div>\n\t\t\t\t\t\t<\/div>\n\t\t\t\t<\/div>\n\t\t\t\t\t<\/div>\n\t\t\t\t<\/div>\n\t\t<div class=\"elementor-element elementor-element-9cae2b0 e-flex e-con-boxed e-con e-parent\" data-id=\"9cae2b0\" data-element_type=\"container\" data-e-type=\"container\">\n\t\t\t\t\t<div class=\"e-con-inner\">\n\t\t<div class=\"elementor-element elementor-element-a723679 e-flex e-con-boxed e-con e-child\" data-id=\"a723679\" data-element_type=\"container\" data-e-type=\"container\">\n\t\t\t\t\t<div class=\"e-con-inner\">\n\t\t<div class=\"elementor-element elementor-element-96a3118 e-con-full e-flex e-con e-child\" data-id=\"96a3118\" data-element_type=\"container\" data-e-type=\"container\">\n\t\t\t\t<div class=\"elementor-element elementor-element-cf6ed7f elementor-widget elementor-widget-heading\" data-id=\"cf6ed7f\" data-element_type=\"widget\" data-e-type=\"widget\" data-widget_type=\"heading.default\">\n\t\t\t\t<div class=\"elementor-widget-container\">\n\t\t\t\t\t<h2 class=\"elementor-heading-title elementor-size-default\">Direito do Consumidor<\/h2>\t\t\t\t<\/div>\n\t\t\t\t<\/div>\n\t\t\t\t<\/div>\n\t\t<div class=\"elementor-element elementor-element-f39c8b5 e-con-full e-flex e-con e-child\" data-id=\"f39c8b5\" data-element_type=\"container\" data-e-type=\"container\">\n\t\t\t\t<div class=\"elementor-element elementor-element-135ff05 elementor-widget elementor-widget-text-editor\" data-id=\"135ff05\" data-element_type=\"widget\" data-e-type=\"widget\" data-widget_type=\"text-editor.default\">\n\t\t\t\t<div class=\"elementor-widget-container\">\n\t\t\t\t\t\t\t\t\t<p>A \u00e1rea jur\u00eddica relacionada aos conflitos advindos das rela\u00e7\u00f5es consumeristas. Com vasta experi\u00eancia e equipe especializada o escrit\u00f3rio atua na defesa de institui\u00e7\u00e3o financeira e empresa, em a\u00e7\u00f5es que tratam dos seguintes temas:<\/p><p>i. Danos Morais<\/p><p>ii. D\u00edvidas Banc\u00e1rias \/ Revis\u00f5es Contratuais<\/p><p>iii. Alega\u00e7\u00e3o de Golpes \/ Aus\u00eancia de Contrata\u00e7\u00e3o<\/p>\t\t\t\t\t\t\t\t<\/div>\n\t\t\t\t<\/div>\n\t\t\t\t<\/div>\n\t\t\t\t\t<\/div>\n\t\t\t\t<\/div>\n\t\t\t\t\t<\/div>\n\t\t\t\t<\/div>\n\t\t\t\t<\/div>\n\t\t","protected":false},"excerpt":{"rendered":"<p>Direito do Consumidor A \u00e1rea jur\u00eddica relacionada aos conflitos advindos das rela\u00e7\u00f5es consumeristas. Com vasta experi\u00eancia e equipe especializada o escrit\u00f3rio atua na defesa de institui\u00e7\u00e3o financeira e empresa, em a\u00e7\u00f5es que tratam dos seguintes temas: i. Danos Morais ii. D\u00edvidas Banc\u00e1rias \/ Revis\u00f5es Contratuais iii. Alega\u00e7\u00e3o de Golpes \/ Aus\u00eancia de Contrata\u00e7\u00e3o<\/p>\n","protected":false},"author":1,"featured_media":0,"parent":0,"menu_order":0,"comment_status":"closed","ping_status":"closed","template":"elementor_header_footer","meta":{"footnotes":""},"class_list":["post-1021","page","type-page","status-publish","hentry"],"_links":{"self":[{"href":"https:\/\/tcg.adv.br\/adv\/wp-json\/wp\/v2\/pages\/1021","targetHints":{"allow":["GET"]}}],"collection":[{"href":"https:\/\/tcg.adv.br\/adv\/wp-json\/wp\/v2\/pages"}],"about":[{"href":"https:\/\/tcg.adv.br\/adv\/wp-json\/wp\/v2\/types\/page"}],"author":[{"embeddable":true,"href":"https:\/\/tcg.adv.br\/adv\/wp-json\/wp\/v2\/users\/1"}],"replies":[{"embeddable":true,"href":"https:\/\/tcg.adv.br\/adv\/wp-json\/wp\/v2\/comments?post=1021"}],"version-history":[{"count":4,"href":"https:\/\/tcg.adv.br\/adv\/wp-json\/wp\/v2\/pages\/1021\/revisions"}],"predecessor-version":[{"id":1175,"href":"https:\/\/tcg.adv.br\/adv\/wp-json\/wp\/v2\/pages\/1021\/revisions\/1175"}],"wp:attachment":[{"href":"https:\/\/tcg.adv.br\/adv\/wp-json\/wp\/v2\/media?parent=1021"}],"curies":[{"name":"wp","href":"https:\/\/api.w.org\/{rel}","templated":true}]}}