{"id":1023,"date":"2023-11-16T11:59:01","date_gmt":"2023-11-16T14:59:01","guid":{"rendered":"https:\/\/tcg.adv.br\/adv\/?page_id=1023"},"modified":"2023-11-16T20:06:25","modified_gmt":"2023-11-16T23:06:25","slug":"direito-imobiliario","status":"publish","type":"page","link":"https:\/\/tcg.adv.br\/adv\/direito-imobiliario\/","title":{"rendered":"Direito Imobili\u00e1rio"},"content":{"rendered":"\t\t<div data-elementor-type=\"wp-page\" data-elementor-id=\"1023\" class=\"elementor elementor-1023\">\n\t\t\t\t<div class=\"elementor-element elementor-element-ba94a36 e-flex e-con-boxed e-con e-parent\" data-id=\"ba94a36\" data-element_type=\"container\" data-e-type=\"container\">\n\t\t\t\t\t<div class=\"e-con-inner\">\n\t\t\t\t<div class=\"elementor-element elementor-element-256de58 elementor-widget-divider--view-line elementor-widget elementor-widget-divider\" data-id=\"256de58\" data-element_type=\"widget\" data-e-type=\"widget\" data-widget_type=\"divider.default\">\n\t\t\t\t<div class=\"elementor-widget-container\">\n\t\t\t\t\t\t\t<div class=\"elementor-divider\">\n\t\t\t<span class=\"elementor-divider-separator\">\n\t\t\t\t\t\t<\/span>\n\t\t<\/div>\n\t\t\t\t\t\t<\/div>\n\t\t\t\t<\/div>\n\t\t\t\t\t<\/div>\n\t\t\t\t<\/div>\n\t\t<div class=\"elementor-element elementor-element-fa846f1 e-flex e-con-boxed e-con e-parent\" data-id=\"fa846f1\" data-element_type=\"container\" data-e-type=\"container\">\n\t\t\t\t\t<div class=\"e-con-inner\">\n\t\t<div class=\"elementor-element elementor-element-9c73777 e-flex e-con-boxed e-con e-child\" data-id=\"9c73777\" data-element_type=\"container\" data-e-type=\"container\">\n\t\t\t\t\t<div class=\"e-con-inner\">\n\t\t<div class=\"elementor-element elementor-element-7d15247 e-con-full e-flex e-con e-child\" data-id=\"7d15247\" data-element_type=\"container\" data-e-type=\"container\">\n\t\t\t\t<div class=\"elementor-element elementor-element-192b57f elementor-widget elementor-widget-heading\" data-id=\"192b57f\" data-element_type=\"widget\" data-e-type=\"widget\" data-widget_type=\"heading.default\">\n\t\t\t\t<div class=\"elementor-widget-container\">\n\t\t\t\t\t<h2 class=\"elementor-heading-title elementor-size-default\">Direito Imobili\u00e1rio<\/h2>\t\t\t\t<\/div>\n\t\t\t\t<\/div>\n\t\t\t\t<\/div>\n\t\t<div class=\"elementor-element elementor-element-4eb52c5 e-con-full e-flex e-con e-child\" data-id=\"4eb52c5\" data-element_type=\"container\" data-e-type=\"container\">\n\t\t\t\t<div class=\"elementor-element elementor-element-44ff322 elementor-widget elementor-widget-text-editor\" data-id=\"44ff322\" data-element_type=\"widget\" data-e-type=\"widget\" data-widget_type=\"text-editor.default\">\n\t\t\t\t<div class=\"elementor-widget-container\">\n\t\t\t\t\t\t\t\t\t<p>Este \u00e9 o ramo do direito que trata das quest\u00f5es relacionadas \u00e0 propriedade, posse, uso e transa\u00e7\u00f5es envolvendo im\u00f3veis, como compra e venda, loca\u00e7\u00e3o, condom\u00ednios, usucapi\u00e3o, entre outros.\u00a0<\/p><p>Assessoria em compra e venda de im\u00f3veis: A assessoria em compra e venda de im\u00f3veis com a acompanhamento de atividades, documenta\u00e7\u00f5es, quest\u00f5es legais e averba\u00e7\u00f5es do im\u00f3vel. Com a devida an\u00e1lise de risco e visando o melhor resultado nas negocia\u00e7\u00f5es. Realizando a melhor an\u00e1lise dos riscos, visando a perfeita concretiza\u00e7\u00e3o do neg\u00f3cio.<\/p><p>Usucapi\u00e3o judicial e usucapi\u00e3o extrajudicial: Usucapi\u00e3o judicial ou extrajudicial nos processos em que se busca a aquisi\u00e7\u00e3o de propriedade de um im\u00f3vel por meio da posse prolongada e ininterrupta.<\/p><p>Due Diligence imobili\u00e1ria: Atuamos com o objetivo \u00e9 avaliar e identificar quaisquer riscos ou problemas que possam afetar a transa\u00e7\u00e3o imobili\u00e1ria, como d\u00edvidas, pend\u00eancias jur\u00eddicas, quest\u00f5es ambientais, entre outras quest\u00f5es relevantes. A\u00e7\u00f5es possess\u00f3rias: Possu\u00edmos expertise em a\u00e7\u00f5es judiciais utilizada para proteger a posse de im\u00f3veis garantidos por aliena\u00e7\u00e3o fiduci\u00e1ria ou hipoteca, buscando a reintegra\u00e7\u00e3o e consolida\u00e7\u00e3o da propriedade.<\/p>\t\t\t\t\t\t\t\t<\/div>\n\t\t\t\t<\/div>\n\t\t\t\t<\/div>\n\t\t\t\t\t<\/div>\n\t\t\t\t<\/div>\n\t\t\t\t\t<\/div>\n\t\t\t\t<\/div>\n\t\t\t\t<\/div>\n\t\t","protected":false},"excerpt":{"rendered":"<p>Direito Imobili\u00e1rio Este \u00e9 o ramo do direito que trata das quest\u00f5es relacionadas \u00e0 propriedade, posse, uso e transa\u00e7\u00f5es envolvendo im\u00f3veis, como compra e venda, loca\u00e7\u00e3o, condom\u00ednios, usucapi\u00e3o, entre outros.\u00a0 Assessoria em compra e venda de im\u00f3veis: A assessoria em compra e venda de im\u00f3veis com a acompanhamento de atividades, documenta\u00e7\u00f5es, quest\u00f5es legais e averba\u00e7\u00f5es [&hellip;]<\/p>\n","protected":false},"author":1,"featured_media":0,"parent":0,"menu_order":0,"comment_status":"closed","ping_status":"closed","template":"elementor_header_footer","meta":{"footnotes":""},"class_list":["post-1023","page","type-page","status-publish","hentry"],"_links":{"self":[{"href":"https:\/\/tcg.adv.br\/adv\/wp-json\/wp\/v2\/pages\/1023","targetHints":{"allow":["GET"]}}],"collection":[{"href":"https:\/\/tcg.adv.br\/adv\/wp-json\/wp\/v2\/pages"}],"about":[{"href":"https:\/\/tcg.adv.br\/adv\/wp-json\/wp\/v2\/types\/page"}],"author":[{"embeddable":true,"href":"https:\/\/tcg.adv.br\/adv\/wp-json\/wp\/v2\/users\/1"}],"replies":[{"embeddable":true,"href":"https:\/\/tcg.adv.br\/adv\/wp-json\/wp\/v2\/comments?post=1023"}],"version-history":[{"count":4,"href":"https:\/\/tcg.adv.br\/adv\/wp-json\/wp\/v2\/pages\/1023\/revisions"}],"predecessor-version":[{"id":1179,"href":"https:\/\/tcg.adv.br\/adv\/wp-json\/wp\/v2\/pages\/1023\/revisions\/1179"}],"wp:attachment":[{"href":"https:\/\/tcg.adv.br\/adv\/wp-json\/wp\/v2\/media?parent=1023"}],"curies":[{"name":"wp","href":"https:\/\/api.w.org\/{rel}","templated":true}]}}