{"id":1025,"date":"2023-11-16T11:59:21","date_gmt":"2023-11-16T14:59:21","guid":{"rendered":"https:\/\/tcg.adv.br\/adv\/?page_id=1025"},"modified":"2023-11-16T20:07:52","modified_gmt":"2023-11-16T23:07:52","slug":"direito-trabalhista","status":"publish","type":"page","link":"https:\/\/tcg.adv.br\/adv\/direito-trabalhista\/","title":{"rendered":"Direito Trabalhista"},"content":{"rendered":"\t\t<div data-elementor-type=\"wp-page\" data-elementor-id=\"1025\" class=\"elementor elementor-1025\">\n\t\t\t\t<div class=\"elementor-element elementor-element-8668d3f e-flex e-con-boxed e-con e-parent\" data-id=\"8668d3f\" data-element_type=\"container\" data-e-type=\"container\">\n\t\t\t\t\t<div class=\"e-con-inner\">\n\t\t\t\t<div class=\"elementor-element elementor-element-e75cf5f elementor-widget-divider--view-line elementor-widget elementor-widget-divider\" data-id=\"e75cf5f\" data-element_type=\"widget\" data-e-type=\"widget\" data-widget_type=\"divider.default\">\n\t\t\t\t<div class=\"elementor-widget-container\">\n\t\t\t\t\t\t\t<div class=\"elementor-divider\">\n\t\t\t<span class=\"elementor-divider-separator\">\n\t\t\t\t\t\t<\/span>\n\t\t<\/div>\n\t\t\t\t\t\t<\/div>\n\t\t\t\t<\/div>\n\t\t\t\t\t<\/div>\n\t\t\t\t<\/div>\n\t\t<div class=\"elementor-element elementor-element-9ade8e6 e-flex e-con-boxed e-con e-parent\" data-id=\"9ade8e6\" data-element_type=\"container\" data-e-type=\"container\">\n\t\t\t\t\t<div class=\"e-con-inner\">\n\t\t<div class=\"elementor-element elementor-element-8a1f9b5 e-flex e-con-boxed e-con e-child\" data-id=\"8a1f9b5\" data-element_type=\"container\" data-e-type=\"container\">\n\t\t\t\t\t<div class=\"e-con-inner\">\n\t\t<div class=\"elementor-element elementor-element-2c71a23 e-con-full e-flex e-con e-child\" data-id=\"2c71a23\" data-element_type=\"container\" data-e-type=\"container\">\n\t\t\t\t<div class=\"elementor-element elementor-element-9f792e7 elementor-widget elementor-widget-heading\" data-id=\"9f792e7\" data-element_type=\"widget\" data-e-type=\"widget\" data-widget_type=\"heading.default\">\n\t\t\t\t<div class=\"elementor-widget-container\">\n\t\t\t\t\t<h2 class=\"elementor-heading-title elementor-size-default\">Direito Trabalhista<\/h2>\t\t\t\t<\/div>\n\t\t\t\t<\/div>\n\t\t\t\t<\/div>\n\t\t<div class=\"elementor-element elementor-element-d4680cc e-con-full e-flex e-con e-child\" data-id=\"d4680cc\" data-element_type=\"container\" data-e-type=\"container\">\n\t\t\t\t<div class=\"elementor-element elementor-element-aa8f5bc elementor-widget elementor-widget-text-editor\" data-id=\"aa8f5bc\" data-element_type=\"widget\" data-e-type=\"widget\" data-widget_type=\"text-editor.default\">\n\t\t\t\t<div class=\"elementor-widget-container\">\n\t\t\t\t\t\t\t\t\t<p>Ramo jur\u00eddico que se dedica a quest\u00f5es ligadas \u00e0s rela\u00e7\u00f5es trabalho:<\/p><p>Atuamos em causas, onde o empregador discute:<\/p><p>i. Contencioso Trabalhista<\/p><p>ii. Consultivamente e Preventivamente na Adequa\u00e7\u00e3o do Contrato de Trabalho;\u00a0<\/p><p>iii. Ass\u00e9dio Moral,\u00a0<\/p><p>iv. Rescis\u00e3o Indireta<\/p><p>v. Termos de Ajustes de Conduta (TAC)<\/p>\t\t\t\t\t\t\t\t<\/div>\n\t\t\t\t<\/div>\n\t\t\t\t<\/div>\n\t\t\t\t\t<\/div>\n\t\t\t\t<\/div>\n\t\t\t\t\t<\/div>\n\t\t\t\t<\/div>\n\t\t\t\t<\/div>\n\t\t","protected":false},"excerpt":{"rendered":"<p>Direito Trabalhista Ramo jur\u00eddico que se dedica a quest\u00f5es ligadas \u00e0s rela\u00e7\u00f5es trabalho: Atuamos em causas, onde o empregador discute: i. Contencioso Trabalhista ii. Consultivamente e Preventivamente na Adequa\u00e7\u00e3o do Contrato de Trabalho;\u00a0 iii. Ass\u00e9dio Moral,\u00a0 iv. Rescis\u00e3o Indireta v. Termos de Ajustes de Conduta (TAC)<\/p>\n","protected":false},"author":1,"featured_media":0,"parent":0,"menu_order":0,"comment_status":"closed","ping_status":"closed","template":"elementor_header_footer","meta":{"footnotes":""},"class_list":["post-1025","page","type-page","status-publish","hentry"],"_links":{"self":[{"href":"https:\/\/tcg.adv.br\/adv\/wp-json\/wp\/v2\/pages\/1025","targetHints":{"allow":["GET"]}}],"collection":[{"href":"https:\/\/tcg.adv.br\/adv\/wp-json\/wp\/v2\/pages"}],"about":[{"href":"https:\/\/tcg.adv.br\/adv\/wp-json\/wp\/v2\/types\/page"}],"author":[{"embeddable":true,"href":"https:\/\/tcg.adv.br\/adv\/wp-json\/wp\/v2\/users\/1"}],"replies":[{"embeddable":true,"href":"https:\/\/tcg.adv.br\/adv\/wp-json\/wp\/v2\/comments?post=1025"}],"version-history":[{"count":4,"href":"https:\/\/tcg.adv.br\/adv\/wp-json\/wp\/v2\/pages\/1025\/revisions"}],"predecessor-version":[{"id":1183,"href":"https:\/\/tcg.adv.br\/adv\/wp-json\/wp\/v2\/pages\/1025\/revisions\/1183"}],"wp:attachment":[{"href":"https:\/\/tcg.adv.br\/adv\/wp-json\/wp\/v2\/media?parent=1025"}],"curies":[{"name":"wp","href":"https:\/\/api.w.org\/{rel}","templated":true}]}}