{"id":1029,"date":"2023-11-16T12:00:03","date_gmt":"2023-11-16T15:00:03","guid":{"rendered":"https:\/\/tcg.adv.br\/adv\/?page_id=1029"},"modified":"2023-11-16T12:03:38","modified_gmt":"2023-11-16T15:03:38","slug":"direito-tributario","status":"publish","type":"page","link":"https:\/\/tcg.adv.br\/adv\/direito-tributario\/","title":{"rendered":"Direito Tribut\u00e1rio"},"content":{"rendered":"\t\t<div data-elementor-type=\"wp-page\" data-elementor-id=\"1029\" class=\"elementor elementor-1029\">\n\t\t\t\t<div class=\"elementor-element elementor-element-6d85a4b e-flex e-con-boxed e-con e-parent\" data-id=\"6d85a4b\" data-element_type=\"container\" data-e-type=\"container\">\n\t\t\t\t\t<div class=\"e-con-inner\">\n\t\t\t\t<div class=\"elementor-element elementor-element-8e50799 elementor-widget-divider--view-line elementor-widget elementor-widget-divider\" data-id=\"8e50799\" data-element_type=\"widget\" data-e-type=\"widget\" data-widget_type=\"divider.default\">\n\t\t\t\t<div class=\"elementor-widget-container\">\n\t\t\t\t\t\t\t<div class=\"elementor-divider\">\n\t\t\t<span class=\"elementor-divider-separator\">\n\t\t\t\t\t\t<\/span>\n\t\t<\/div>\n\t\t\t\t\t\t<\/div>\n\t\t\t\t<\/div>\n\t\t\t\t\t<\/div>\n\t\t\t\t<\/div>\n\t\t<div class=\"elementor-element elementor-element-6c1aa3c e-flex e-con-boxed e-con e-parent\" data-id=\"6c1aa3c\" data-element_type=\"container\" data-e-type=\"container\">\n\t\t\t\t\t<div class=\"e-con-inner\">\n\t\t<div class=\"elementor-element elementor-element-4b439ae e-flex e-con-boxed e-con e-child\" data-id=\"4b439ae\" data-element_type=\"container\" data-e-type=\"container\">\n\t\t\t\t\t<div class=\"e-con-inner\">\n\t\t<div class=\"elementor-element elementor-element-9d96290 e-con-full e-flex e-con e-child\" data-id=\"9d96290\" data-element_type=\"container\" data-e-type=\"container\">\n\t\t\t\t<div class=\"elementor-element elementor-element-73e2af4 elementor-widget elementor-widget-heading\" data-id=\"73e2af4\" data-element_type=\"widget\" data-e-type=\"widget\" data-widget_type=\"heading.default\">\n\t\t\t\t<div class=\"elementor-widget-container\">\n\t\t\t\t\t<h2 class=\"elementor-heading-title elementor-size-default\">Direito Tribut\u00e1rio<\/h2>\t\t\t\t<\/div>\n\t\t\t\t<\/div>\n\t\t\t\t<\/div>\n\t\t<div class=\"elementor-element elementor-element-b36068b e-con-full e-flex e-con e-child\" data-id=\"b36068b\" data-element_type=\"container\" data-e-type=\"container\">\n\t\t\t\t<div class=\"elementor-element elementor-element-262023c elementor-widget elementor-widget-text-editor\" data-id=\"262023c\" data-element_type=\"widget\" data-e-type=\"widget\" data-widget_type=\"text-editor.default\">\n\t\t\t\t<div class=\"elementor-widget-container\">\n\t\t\t\t\t\t\t\t\t<p>O advogado tributarista presta servi\u00e7os de natureza judicial e administrativa, promovendo a defesa nas mais diversas \u00e1reas da esfera tribut\u00e1ria.<\/p><p>Nosso escrit\u00f3rio com Direito Tribut\u00e1rio de forma integrada, prestando abrangente assessoria jur\u00eddica no campo da legisla\u00e7\u00e3o pertinente aos tributos cobrados pelas esferas federais, estaduais e municipais.<\/p>\t\t\t\t\t\t\t\t<\/div>\n\t\t\t\t<\/div>\n\t\t\t\t<\/div>\n\t\t\t\t\t<\/div>\n\t\t\t\t<\/div>\n\t\t\t\t\t<\/div>\n\t\t\t\t<\/div>\n\t\t<div class=\"elementor-element elementor-element-5a212f9 e-flex e-con-boxed e-con e-parent\" data-id=\"5a212f9\" data-element_type=\"container\" data-e-type=\"container\">\n\t\t\t\t\t<div class=\"e-con-inner\">\n\t\t\t\t\t<\/div>\n\t\t\t\t<\/div>\n\t\t\t\t<\/div>\n\t\t","protected":false},"excerpt":{"rendered":"<p>Direito Tribut\u00e1rio O advogado tributarista presta servi\u00e7os de natureza judicial e administrativa, promovendo a defesa nas mais diversas \u00e1reas da esfera tribut\u00e1ria. Nosso escrit\u00f3rio com Direito Tribut\u00e1rio de forma integrada, prestando abrangente assessoria jur\u00eddica no campo da legisla\u00e7\u00e3o pertinente aos tributos cobrados pelas esferas federais, estaduais e municipais.<\/p>\n","protected":false},"author":1,"featured_media":0,"parent":0,"menu_order":0,"comment_status":"closed","ping_status":"closed","template":"elementor_header_footer","meta":{"footnotes":""},"class_list":["post-1029","page","type-page","status-publish","hentry"],"_links":{"self":[{"href":"https:\/\/tcg.adv.br\/adv\/wp-json\/wp\/v2\/pages\/1029","targetHints":{"allow":["GET"]}}],"collection":[{"href":"https:\/\/tcg.adv.br\/adv\/wp-json\/wp\/v2\/pages"}],"about":[{"href":"https:\/\/tcg.adv.br\/adv\/wp-json\/wp\/v2\/types\/page"}],"author":[{"embeddable":true,"href":"https:\/\/tcg.adv.br\/adv\/wp-json\/wp\/v2\/users\/1"}],"replies":[{"embeddable":true,"href":"https:\/\/tcg.adv.br\/adv\/wp-json\/wp\/v2\/comments?post=1029"}],"version-history":[{"count":7,"href":"https:\/\/tcg.adv.br\/adv\/wp-json\/wp\/v2\/pages\/1029\/revisions"}],"predecessor-version":[{"id":1037,"href":"https:\/\/tcg.adv.br\/adv\/wp-json\/wp\/v2\/pages\/1029\/revisions\/1037"}],"wp:attachment":[{"href":"https:\/\/tcg.adv.br\/adv\/wp-json\/wp\/v2\/media?parent=1029"}],"curies":[{"name":"wp","href":"https:\/\/api.w.org\/{rel}","templated":true}]}}