{"id":3,"date":"2023-10-02T20:28:35","date_gmt":"2023-10-02T20:28:35","guid":{"rendered":"https:\/\/tcg.adv.br\/adv\/?page_id=3"},"modified":"2023-11-16T21:56:21","modified_gmt":"2023-11-17T00:56:21","slug":"privacy-policy","status":"publish","type":"page","link":"https:\/\/tcg.adv.br\/adv\/privacy-policy\/","title":{"rendered":"Privacy Policy"},"content":{"rendered":"\t\t<div data-elementor-type=\"wp-page\" data-elementor-id=\"3\" class=\"elementor elementor-3\">\n\t\t\t\t<div class=\"elementor-element elementor-element-22cbd7cf e-flex e-con-boxed e-con e-parent\" data-id=\"22cbd7cf\" data-element_type=\"container\" data-e-type=\"container\" data-settings=\"{&quot;background_background&quot;:&quot;classic&quot;}\">\n\t\t\t\t\t<div class=\"e-con-inner\">\n\t\t\t\t<div class=\"elementor-element elementor-element-33e35063 elementor-widget elementor-widget-text-editor\" data-id=\"33e35063\" data-element_type=\"widget\" data-e-type=\"widget\" data-widget_type=\"text-editor.default\">\n\t\t\t\t<div class=\"elementor-widget-container\">\n\t\t\t\t\t\t\t\t\t<p class=\"MsoNormal\" style=\"margin-top:12.0pt;margin-right:0cm;margin-bottom:\n12.0pt;margin-left:0cm;line-height:normal;mso-outline-level:2\"><b><span style=\"font-size:15.5pt;mso-fareast-font-family:&quot;Times New Roman&quot;;mso-bidi-font-family:\nCalibri;mso-bidi-theme-font:minor-latin;color:#203864;mso-themecolor:accent1;\nmso-themeshade:128;mso-style-textfill-fill-color:#203864;mso-style-textfill-fill-themecolor:\naccent1;mso-style-textfill-fill-alpha:100.0%;mso-style-textfill-fill-colortransforms:\nlumm=50000;mso-font-kerning:0pt;mso-ligatures:none;mso-fareast-language:PT-BR\">Pol\u00edtica\nde Privacidade<o:p><\/o:p><\/span><\/b><\/p><div style=\"mso-element:para-border-div;border:none;border-left:solid #787C82 1.5pt;\npadding:0cm 0cm 0cm 12.0pt\">\n\n<p class=\"MsoNormal\" style=\"margin-bottom:0cm;line-height:normal;border:none;\nmso-border-left-alt:solid #787C82 1.5pt;padding:0cm;mso-padding-alt:0cm 0cm 0cm 12.0pt\"><span style=\"font-size:10.0pt;mso-fareast-font-family:&quot;Times New Roman&quot;;mso-bidi-font-family:\nCalibri;mso-bidi-theme-font:minor-latin;color:#203864;mso-themecolor:accent1;\nmso-themeshade:128;mso-style-textfill-fill-color:#203864;mso-style-textfill-fill-themecolor:\naccent1;mso-style-textfill-fill-alpha:100.0%;mso-style-textfill-fill-colortransforms:\nlumm=50000;mso-font-kerning:0pt;mso-ligatures:none;mso-fareast-language:PT-BR\">O\nendere\u00e7o do nosso site \u00e9: https:\/\/tcg.adv.br<o:p><\/o:p><\/span><\/p>\n\n<\/div><p class=\"MsoNormal\" style=\"margin-top:12.0pt;margin-right:0cm;margin-bottom:\n12.0pt;margin-left:0cm;line-height:normal;mso-outline-level:2\"><b><span style=\"font-size:15.5pt;mso-fareast-font-family:&quot;Times New Roman&quot;;mso-bidi-font-family:\nCalibri;mso-bidi-theme-font:minor-latin;color:#203864;mso-themecolor:accent1;\nmso-themeshade:128;mso-style-textfill-fill-color:#203864;mso-style-textfill-fill-themecolor:\naccent1;mso-style-textfill-fill-alpha:100.0%;mso-style-textfill-fill-colortransforms:\nlumm=50000;mso-font-kerning:0pt;mso-ligatures:none;mso-fareast-language:PT-BR\">Coment\u00e1rios<o:p><\/o:p><\/span><\/b><\/p><div style=\"mso-element:para-border-div;border:none;border-left:solid #787C82 1.5pt;\npadding:0cm 0cm 0cm 12.0pt\">\n\n<p class=\"MsoNormal\" style=\"margin-bottom:0cm;line-height:normal;border:none;\nmso-border-left-alt:solid #787C82 1.5pt;padding:0cm;mso-padding-alt:0cm 0cm 0cm 12.0pt\"><span style=\"font-size:10.0pt;mso-fareast-font-family:&quot;Times New Roman&quot;;mso-bidi-font-family:\nCalibri;mso-bidi-theme-font:minor-latin;color:#203864;mso-themecolor:accent1;\nmso-themeshade:128;mso-style-textfill-fill-color:#203864;mso-style-textfill-fill-themecolor:\naccent1;mso-style-textfill-fill-alpha:100.0%;mso-style-textfill-fill-colortransforms:\nlumm=50000;mso-font-kerning:0pt;mso-ligatures:none;mso-fareast-language:PT-BR\">Quando\nos visitantes deixam coment\u00e1rios no site, coletamos os dados mostrados no\nformul\u00e1rio de coment\u00e1rios, al\u00e9m do endere\u00e7o de IP e de dados do navegador do\nvisitante, para auxiliar na detec\u00e7\u00e3o de spam.<o:p><\/o:p><\/span><\/p>\n\n<p class=\"MsoNormal\" style=\"margin-bottom:0cm;line-height:normal;border:none;\nmso-border-left-alt:solid #787C82 1.5pt;padding:0cm;mso-padding-alt:0cm 0cm 0cm 12.0pt\"><span style=\"font-size:10.0pt;mso-fareast-font-family:&quot;Times New Roman&quot;;mso-bidi-font-family:\nCalibri;mso-bidi-theme-font:minor-latin;color:#203864;mso-themecolor:accent1;\nmso-themeshade:128;mso-style-textfill-fill-color:#203864;mso-style-textfill-fill-themecolor:\naccent1;mso-style-textfill-fill-alpha:100.0%;mso-style-textfill-fill-colortransforms:\nlumm=50000;mso-font-kerning:0pt;mso-ligatures:none;mso-fareast-language:PT-BR\">Uma\nsequ\u00eancia anonimizada de caracteres criada a partir do seu e-mail (tamb\u00e9m\nchamada de hash) poder\u00e1 ser enviada para o Gravatar para verificar se voc\u00ea usa\no servi\u00e7o. A pol\u00edtica de privacidade do Gravatar est\u00e1 dispon\u00edvel aqui:\nhttps:\/\/automattic.com\/privacy\/. Depois da aprova\u00e7\u00e3o do seu coment\u00e1rio, a foto\ndo seu perfil fica vis\u00edvel publicamente junto de seu coment\u00e1rio.<o:p><\/o:p><\/span><\/p>\n\n<\/div><p class=\"MsoNormal\" style=\"margin-top:12.0pt;margin-right:0cm;margin-bottom:\n12.0pt;margin-left:0cm;line-height:normal;mso-outline-level:2\"><b><span style=\"font-size:15.5pt;mso-fareast-font-family:&quot;Times New Roman&quot;;mso-bidi-font-family:\nCalibri;mso-bidi-theme-font:minor-latin;color:#203864;mso-themecolor:accent1;\nmso-themeshade:128;mso-style-textfill-fill-color:#203864;mso-style-textfill-fill-themecolor:\naccent1;mso-style-textfill-fill-alpha:100.0%;mso-style-textfill-fill-colortransforms:\nlumm=50000;mso-font-kerning:0pt;mso-ligatures:none;mso-fareast-language:PT-BR\">M\u00eddia<o:p><\/o:p><\/span><\/b><\/p><div style=\"mso-element:para-border-div;border:none;border-left:solid #787C82 1.5pt;\npadding:0cm 0cm 0cm 12.0pt\">\n\n<p class=\"MsoNormal\" style=\"margin-bottom:0cm;line-height:normal;border:none;\nmso-border-left-alt:solid #787C82 1.5pt;padding:0cm;mso-padding-alt:0cm 0cm 0cm 12.0pt\"><span style=\"font-size:10.0pt;mso-fareast-font-family:&quot;Times New Roman&quot;;mso-bidi-font-family:\nCalibri;mso-bidi-theme-font:minor-latin;color:#203864;mso-themecolor:accent1;\nmso-themeshade:128;mso-style-textfill-fill-color:#203864;mso-style-textfill-fill-themecolor:\naccent1;mso-style-textfill-fill-alpha:100.0%;mso-style-textfill-fill-colortransforms:\nlumm=50000;mso-font-kerning:0pt;mso-ligatures:none;mso-fareast-language:PT-BR\">Se\nvoc\u00ea envia imagens para o site, evite enviar as que contenham dados de\nlocaliza\u00e7\u00e3o incorporados (EXIF GPS). Visitantes podem baixar estas imagens do\nsite e extrair delas seus dados de localiza\u00e7\u00e3o.<o:p><\/o:p><\/span><\/p>\n\n<\/div><p class=\"MsoNormal\" style=\"margin-top:12.0pt;margin-right:0cm;margin-bottom:\n12.0pt;margin-left:0cm;line-height:normal;mso-outline-level:2\"><b><span style=\"font-size:15.5pt;mso-fareast-font-family:&quot;Times New Roman&quot;;mso-bidi-font-family:\nCalibri;mso-bidi-theme-font:minor-latin;color:#203864;mso-themecolor:accent1;\nmso-themeshade:128;mso-style-textfill-fill-color:#203864;mso-style-textfill-fill-themecolor:\naccent1;mso-style-textfill-fill-alpha:100.0%;mso-style-textfill-fill-colortransforms:\nlumm=50000;mso-font-kerning:0pt;mso-ligatures:none;mso-fareast-language:PT-BR\">Cookies<o:p><\/o:p><\/span><\/b><\/p><div style=\"mso-element:para-border-div;border:none;border-left:solid #787C82 1.5pt;\npadding:0cm 0cm 0cm 12.0pt\">\n\n<p class=\"MsoNormal\" style=\"margin-bottom:0cm;line-height:normal;border:none;\nmso-border-left-alt:solid #787C82 1.5pt;padding:0cm;mso-padding-alt:0cm 0cm 0cm 12.0pt\"><span style=\"font-size:10.0pt;mso-fareast-font-family:&quot;Times New Roman&quot;;mso-bidi-font-family:\nCalibri;mso-bidi-theme-font:minor-latin;color:#203864;mso-themecolor:accent1;\nmso-themeshade:128;mso-style-textfill-fill-color:#203864;mso-style-textfill-fill-themecolor:\naccent1;mso-style-textfill-fill-alpha:100.0%;mso-style-textfill-fill-colortransforms:\nlumm=50000;mso-font-kerning:0pt;mso-ligatures:none;mso-fareast-language:PT-BR\">Ao\ndeixar um coment\u00e1rio no site, voc\u00ea poder\u00e1 optar por salvar seu nome, e-mail e\nsite nos cookies. Isso visa seu conforto, assim voc\u00ea n\u00e3o precisar\u00e1 preencher\nseus dados novamente quando fizer outro coment\u00e1rio. Estes cookies duram um ano.<o:p><\/o:p><\/span><\/p>\n\n<p class=\"MsoNormal\" style=\"margin-bottom:0cm;line-height:normal;border:none;\nmso-border-left-alt:solid #787C82 1.5pt;padding:0cm;mso-padding-alt:0cm 0cm 0cm 12.0pt\"><span style=\"font-size:10.0pt;mso-fareast-font-family:&quot;Times New Roman&quot;;mso-bidi-font-family:\nCalibri;mso-bidi-theme-font:minor-latin;color:#203864;mso-themecolor:accent1;\nmso-themeshade:128;mso-style-textfill-fill-color:#203864;mso-style-textfill-fill-themecolor:\naccent1;mso-style-textfill-fill-alpha:100.0%;mso-style-textfill-fill-colortransforms:\nlumm=50000;mso-font-kerning:0pt;mso-ligatures:none;mso-fareast-language:PT-BR\">Se\nvoc\u00ea tem uma conta e acessa este site, um cookie tempor\u00e1rio ser\u00e1 criado para\ndeterminar se seu navegador aceita cookies. Ele n\u00e3o cont\u00e9m nenhum dado pessoal\ne ser\u00e1 descartado quando voc\u00ea fechar seu navegador.<o:p><\/o:p><\/span><\/p>\n\n<p class=\"MsoNormal\" style=\"margin-bottom:0cm;line-height:normal;border:none;\nmso-border-left-alt:solid #787C82 1.5pt;padding:0cm;mso-padding-alt:0cm 0cm 0cm 12.0pt\"><span style=\"font-size:10.0pt;mso-fareast-font-family:&quot;Times New Roman&quot;;mso-bidi-font-family:\nCalibri;mso-bidi-theme-font:minor-latin;color:#203864;mso-themecolor:accent1;\nmso-themeshade:128;mso-style-textfill-fill-color:#203864;mso-style-textfill-fill-themecolor:\naccent1;mso-style-textfill-fill-alpha:100.0%;mso-style-textfill-fill-colortransforms:\nlumm=50000;mso-font-kerning:0pt;mso-ligatures:none;mso-fareast-language:PT-BR\">Quando\nvoc\u00ea acessa sua conta no site, tamb\u00e9m criamos v\u00e1rios cookies para salvar os\ndados da sua conta e suas escolhas de exibi\u00e7\u00e3o de tela. Cookies de login s\u00e3o\nmantidos por dois dias e cookies de op\u00e7\u00f5es de tela por um ano. Se voc\u00ea\nselecionar &#8220;Lembrar-me&#8221;, seu acesso ser\u00e1 mantido por duas semanas. Se\nvoc\u00ea se desconectar da sua conta, os cookies de login ser\u00e3o removidos.<o:p><\/o:p><\/span><\/p>\n\n<p class=\"MsoNormal\" style=\"margin-bottom:0cm;line-height:normal;border:none;\nmso-border-left-alt:solid #787C82 1.5pt;padding:0cm;mso-padding-alt:0cm 0cm 0cm 12.0pt\"><span style=\"font-size:10.0pt;mso-fareast-font-family:&quot;Times New Roman&quot;;mso-bidi-font-family:\nCalibri;mso-bidi-theme-font:minor-latin;color:#203864;mso-themecolor:accent1;\nmso-themeshade:128;mso-style-textfill-fill-color:#203864;mso-style-textfill-fill-themecolor:\naccent1;mso-style-textfill-fill-alpha:100.0%;mso-style-textfill-fill-colortransforms:\nlumm=50000;mso-font-kerning:0pt;mso-ligatures:none;mso-fareast-language:PT-BR\">Se\nvoc\u00ea editar ou publicar um artigo, um cookie adicional ser\u00e1 salvo no seu\nnavegador. Este cookie n\u00e3o inclui nenhum dado pessoal e simplesmente indica o\nID do post referente ao artigo que voc\u00ea acabou de editar. Ele expira depois de\n1 dia.<o:p><\/o:p><\/span><\/p>\n\n<\/div><p class=\"MsoNormal\" style=\"margin-top:12.0pt;margin-right:0cm;margin-bottom:\n12.0pt;margin-left:0cm;line-height:normal;mso-outline-level:2\"><b><span style=\"font-size:15.5pt;mso-fareast-font-family:&quot;Times New Roman&quot;;mso-bidi-font-family:\nCalibri;mso-bidi-theme-font:minor-latin;color:#203864;mso-themecolor:accent1;\nmso-themeshade:128;mso-style-textfill-fill-color:#203864;mso-style-textfill-fill-themecolor:\naccent1;mso-style-textfill-fill-alpha:100.0%;mso-style-textfill-fill-colortransforms:\nlumm=50000;mso-font-kerning:0pt;mso-ligatures:none;mso-fareast-language:PT-BR\">M\u00eddia\nincorporada de outros sites<o:p><\/o:p><\/span><\/b><\/p><div style=\"mso-element:para-border-div;border:none;border-left:solid #787C82 1.5pt;\npadding:0cm 0cm 0cm 12.0pt\">\n\n<p class=\"MsoNormal\" style=\"margin-bottom:0cm;line-height:normal;border:none;\nmso-border-left-alt:solid #787C82 1.5pt;padding:0cm;mso-padding-alt:0cm 0cm 0cm 12.0pt\"><span style=\"font-size:10.0pt;mso-fareast-font-family:&quot;Times New Roman&quot;;mso-bidi-font-family:\nCalibri;mso-bidi-theme-font:minor-latin;color:#203864;mso-themecolor:accent1;\nmso-themeshade:128;mso-style-textfill-fill-color:#203864;mso-style-textfill-fill-themecolor:\naccent1;mso-style-textfill-fill-alpha:100.0%;mso-style-textfill-fill-colortransforms:\nlumm=50000;mso-font-kerning:0pt;mso-ligatures:none;mso-fareast-language:PT-BR\">Artigos\nneste site podem incluir conte\u00fado incorporado como, por exemplo, v\u00eddeos,\nimagens, artigos etc. Conte\u00fados incorporados de outros sites se comportam\nexatamente da mesma forma como se o visitante estivesse visitando o outro site.<o:p><\/o:p><\/span><\/p>\n\n<p class=\"MsoNormal\" style=\"margin-bottom:0cm;line-height:normal;border:none;\nmso-border-left-alt:solid #787C82 1.5pt;padding:0cm;mso-padding-alt:0cm 0cm 0cm 12.0pt\"><span style=\"font-size:10.0pt;mso-fareast-font-family:&quot;Times New Roman&quot;;mso-bidi-font-family:\nCalibri;mso-bidi-theme-font:minor-latin;color:#203864;mso-themecolor:accent1;\nmso-themeshade:128;mso-style-textfill-fill-color:#203864;mso-style-textfill-fill-themecolor:\naccent1;mso-style-textfill-fill-alpha:100.0%;mso-style-textfill-fill-colortransforms:\nlumm=50000;mso-font-kerning:0pt;mso-ligatures:none;mso-fareast-language:PT-BR\">Estes\nsites podem coletar dados sobre voc\u00ea, usar cookies, incorporar rastreamento\nadicional de terceiros e monitorar sua intera\u00e7\u00e3o com este conte\u00fado incorporado,\nincluindo sua intera\u00e7\u00e3o com o conte\u00fado incorporado se voc\u00ea tem uma conta e est\u00e1\nconectado com o site.<o:p><\/o:p><\/span><\/p>\n\n<\/div><p class=\"MsoNormal\" style=\"margin-top:12.0pt;margin-right:0cm;margin-bottom:\n12.0pt;margin-left:0cm;line-height:normal;mso-outline-level:2\"><b><span style=\"font-size:15.5pt;mso-fareast-font-family:&quot;Times New Roman&quot;;mso-bidi-font-family:\nCalibri;mso-bidi-theme-font:minor-latin;color:#203864;mso-themecolor:accent1;\nmso-themeshade:128;mso-style-textfill-fill-color:#203864;mso-style-textfill-fill-themecolor:\naccent1;mso-style-textfill-fill-alpha:100.0%;mso-style-textfill-fill-colortransforms:\nlumm=50000;mso-font-kerning:0pt;mso-ligatures:none;mso-fareast-language:PT-BR\">Com\nquem compartilhamos seus dados<o:p><\/o:p><\/span><\/b><\/p><div style=\"mso-element:para-border-div;border:none;border-left:solid #787C82 1.5pt;\npadding:0cm 0cm 0cm 12.0pt\">\n\n<p class=\"MsoNormal\" style=\"margin-bottom:0cm;line-height:normal;border:none;\nmso-border-left-alt:solid #787C82 1.5pt;padding:0cm;mso-padding-alt:0cm 0cm 0cm 12.0pt\"><span style=\"font-size:10.0pt;mso-fareast-font-family:&quot;Times New Roman&quot;;mso-bidi-font-family:\nCalibri;mso-bidi-theme-font:minor-latin;color:#203864;mso-themecolor:accent1;\nmso-themeshade:128;mso-style-textfill-fill-color:#203864;mso-style-textfill-fill-themecolor:\naccent1;mso-style-textfill-fill-alpha:100.0%;mso-style-textfill-fill-colortransforms:\nlumm=50000;mso-font-kerning:0pt;mso-ligatures:none;mso-fareast-language:PT-BR\">Se\nvoc\u00ea solicitar uma redefini\u00e7\u00e3o de senha, seu endere\u00e7o de IP ser\u00e1 inclu\u00eddo no\ne-mail de redefini\u00e7\u00e3o de senha.<o:p><\/o:p><\/span><\/p>\n\n<\/div><p class=\"MsoNormal\" style=\"margin-top:12.0pt;margin-right:0cm;margin-bottom:\n12.0pt;margin-left:0cm;line-height:normal;mso-outline-level:2\"><b><span style=\"font-size:15.5pt;mso-fareast-font-family:&quot;Times New Roman&quot;;mso-bidi-font-family:\nCalibri;mso-bidi-theme-font:minor-latin;color:#203864;mso-themecolor:accent1;\nmso-themeshade:128;mso-style-textfill-fill-color:#203864;mso-style-textfill-fill-themecolor:\naccent1;mso-style-textfill-fill-alpha:100.0%;mso-style-textfill-fill-colortransforms:\nlumm=50000;mso-font-kerning:0pt;mso-ligatures:none;mso-fareast-language:PT-BR\">Por\nquanto tempo mantemos os seus dados<o:p><\/o:p><\/span><\/b><\/p><div style=\"mso-element:para-border-div;border:none;border-left:solid #787C82 1.5pt;\npadding:0cm 0cm 0cm 12.0pt\">\n\n<p class=\"MsoNormal\" style=\"margin-bottom:0cm;line-height:normal;border:none;\nmso-border-left-alt:solid #787C82 1.5pt;padding:0cm;mso-padding-alt:0cm 0cm 0cm 12.0pt\"><span style=\"font-size:10.0pt;mso-fareast-font-family:&quot;Times New Roman&quot;;mso-bidi-font-family:\nCalibri;mso-bidi-theme-font:minor-latin;color:#203864;mso-themecolor:accent1;\nmso-themeshade:128;mso-style-textfill-fill-color:#203864;mso-style-textfill-fill-themecolor:\naccent1;mso-style-textfill-fill-alpha:100.0%;mso-style-textfill-fill-colortransforms:\nlumm=50000;mso-font-kerning:0pt;mso-ligatures:none;mso-fareast-language:PT-BR\">Se\nvoc\u00ea deixar um coment\u00e1rio, o coment\u00e1rio e os seus metadados s\u00e3o conservados\nindefinidamente. Fazemos isso para que seja poss\u00edvel reconhecer e aprovar\nautomaticamente qualquer coment\u00e1rio posterior ao inv\u00e9s de ret\u00ea-lo para\nmodera\u00e7\u00e3o.<o:p><\/o:p><\/span><\/p>\n\n<p class=\"MsoNormal\" style=\"margin-bottom:0cm;line-height:normal;border:none;\nmso-border-left-alt:solid #787C82 1.5pt;padding:0cm;mso-padding-alt:0cm 0cm 0cm 12.0pt\"><span style=\"font-size:10.0pt;mso-fareast-font-family:&quot;Times New Roman&quot;;mso-bidi-font-family:\nCalibri;mso-bidi-theme-font:minor-latin;color:#203864;mso-themecolor:accent1;\nmso-themeshade:128;mso-style-textfill-fill-color:#203864;mso-style-textfill-fill-themecolor:\naccent1;mso-style-textfill-fill-alpha:100.0%;mso-style-textfill-fill-colortransforms:\nlumm=50000;mso-font-kerning:0pt;mso-ligatures:none;mso-fareast-language:PT-BR\">Para\nusu\u00e1rios que se registram no nosso site (se houver), tamb\u00e9m guardamos as\ninforma\u00e7\u00f5es pessoais que fornecem no seu perfil de usu\u00e1rio. Todos os usu\u00e1rios\npodem ver, editar ou excluir suas informa\u00e7\u00f5es pessoais a qualquer momento (s\u00f3\nn\u00e3o \u00e9 poss\u00edvel alterar o seu username). Os administradores de sites tamb\u00e9m\npodem ver e editar estas informa\u00e7\u00f5es.<o:p><\/o:p><\/span><\/p>\n\n<\/div><p class=\"MsoNormal\" style=\"margin-top:12.0pt;margin-right:0cm;margin-bottom:\n12.0pt;margin-left:0cm;line-height:normal;mso-outline-level:2\"><b><span style=\"font-size:15.5pt;mso-fareast-font-family:&quot;Times New Roman&quot;;mso-bidi-font-family:\nCalibri;mso-bidi-theme-font:minor-latin;color:#203864;mso-themecolor:accent1;\nmso-themeshade:128;mso-style-textfill-fill-color:#203864;mso-style-textfill-fill-themecolor:\naccent1;mso-style-textfill-fill-alpha:100.0%;mso-style-textfill-fill-colortransforms:\nlumm=50000;mso-font-kerning:0pt;mso-ligatures:none;mso-fareast-language:PT-BR\">Quais\nos seus direitos sobre seus dados<o:p><\/o:p><\/span><\/b><\/p><div style=\"mso-element:para-border-div;border:none;border-left:solid #787C82 1.5pt;\npadding:0cm 0cm 0cm 12.0pt\">\n\n<p class=\"MsoNormal\" style=\"margin-bottom:0cm;line-height:normal;border:none;\nmso-border-left-alt:solid #787C82 1.5pt;padding:0cm;mso-padding-alt:0cm 0cm 0cm 12.0pt\"><span style=\"font-size:10.0pt;mso-fareast-font-family:&quot;Times New Roman&quot;;mso-bidi-font-family:\nCalibri;mso-bidi-theme-font:minor-latin;color:#203864;mso-themecolor:accent1;\nmso-themeshade:128;mso-style-textfill-fill-color:#203864;mso-style-textfill-fill-themecolor:\naccent1;mso-style-textfill-fill-alpha:100.0%;mso-style-textfill-fill-colortransforms:\nlumm=50000;mso-font-kerning:0pt;mso-ligatures:none;mso-fareast-language:PT-BR\">Se\nvoc\u00ea tiver uma conta neste site ou se tiver deixado coment\u00e1rios, pode solicitar\num arquivo exportado dos dados pessoais que mantemos sobre voc\u00ea, inclusive\nquaisquer dados que nos tenha fornecido. Tamb\u00e9m pode solicitar que removamos\nqualquer dado pessoal que mantemos sobre voc\u00ea. Isto n\u00e3o inclui nenhuns dados\nque somos obrigados a manter para prop\u00f3sitos administrativos, legais ou de\nseguran\u00e7a.<o:p><\/o:p><\/span><\/p>\n\n<\/div><p class=\"MsoNormal\" style=\"margin-top:12.0pt;margin-right:0cm;margin-bottom:\n12.0pt;margin-left:0cm;line-height:normal;mso-outline-level:2\"><b><span style=\"font-size:15.5pt;mso-fareast-font-family:&quot;Times New Roman&quot;;mso-bidi-font-family:\nCalibri;mso-bidi-theme-font:minor-latin;color:#203864;mso-themecolor:accent1;\nmso-themeshade:128;mso-style-textfill-fill-color:#203864;mso-style-textfill-fill-themecolor:\naccent1;mso-style-textfill-fill-alpha:100.0%;mso-style-textfill-fill-colortransforms:\nlumm=50000;mso-font-kerning:0pt;mso-ligatures:none;mso-fareast-language:PT-BR\">Para\nonde seus dados s\u00e3o enviados<o:p><\/o:p><\/span><\/b><\/p><div style=\"mso-element:para-border-div;border:none;border-left:solid #787C82 1.5pt;\npadding:0cm 0cm 0cm 12.0pt\">\n\n<p class=\"MsoNormal\" style=\"margin-bottom:0cm;line-height:normal;border:none;\nmso-border-left-alt:solid #787C82 1.5pt;padding:0cm;mso-padding-alt:0cm 0cm 0cm 12.0pt\"><span style=\"font-size:10.0pt;mso-fareast-font-family:&quot;Times New Roman&quot;;mso-bidi-font-family:\nCalibri;mso-bidi-theme-font:minor-latin;color:#203864;mso-themecolor:accent1;\nmso-themeshade:128;mso-style-textfill-fill-color:#203864;mso-style-textfill-fill-themecolor:\naccent1;mso-style-textfill-fill-alpha:100.0%;mso-style-textfill-fill-colortransforms:\nlumm=50000;mso-font-kerning:0pt;mso-ligatures:none;mso-fareast-language:PT-BR\">Coment\u00e1rios\nde visitantes podem ser marcados por um servi\u00e7o autom\u00e1tico de detec\u00e7\u00e3o de spam.<o:p><\/o:p><\/span><\/p>\n\n<\/div><p>\n\n\n\n\n\n\n\n\n\n\n\n\n\n\n\n\n\n\n\n\n\n\n\n\n\n\n\n\n\n\n\n\n\n\n\n<\/p><p class=\"MsoNormal\"><span style=\"mso-bidi-font-family:Calibri;mso-bidi-theme-font:\nminor-latin;color:#203864;mso-themecolor:accent1;mso-themeshade:128;mso-style-textfill-fill-color:\n#203864;mso-style-textfill-fill-themecolor:accent1;mso-style-textfill-fill-alpha:\n100.0%;mso-style-textfill-fill-colortransforms:lumm=50000\">&nbsp;<\/span><\/p>\t\t\t\t\t\t\t\t<\/div>\n\t\t\t\t<\/div>\n\t\t\t\t\t<\/div>\n\t\t\t\t<\/div>\n\t\t\t\t<\/div>\n\t\t","protected":false},"excerpt":{"rendered":"<p>Pol\u00edtica de Privacidade O endere\u00e7o do nosso site \u00e9: https:\/\/tcg.adv.br Coment\u00e1rios Quando os visitantes deixam coment\u00e1rios no site, coletamos os dados mostrados no formul\u00e1rio de coment\u00e1rios, al\u00e9m do endere\u00e7o de IP e de dados do navegador do visitante, para auxiliar na detec\u00e7\u00e3o de spam. Uma sequ\u00eancia anonimizada de caracteres criada a partir do seu e-mail [&hellip;]<\/p>\n","protected":false},"author":1,"featured_media":0,"parent":0,"menu_order":0,"comment_status":"closed","ping_status":"closed","template":"elementor_header_footer","meta":{"footnotes":""},"class_list":["post-3","page","type-page","status-publish","hentry"],"_links":{"self":[{"href":"https:\/\/tcg.adv.br\/adv\/wp-json\/wp\/v2\/pages\/3","targetHints":{"allow":["GET"]}}],"collection":[{"href":"https:\/\/tcg.adv.br\/adv\/wp-json\/wp\/v2\/pages"}],"about":[{"href":"https:\/\/tcg.adv.br\/adv\/wp-json\/wp\/v2\/types\/page"}],"author":[{"embeddable":true,"href":"https:\/\/tcg.adv.br\/adv\/wp-json\/wp\/v2\/users\/1"}],"replies":[{"embeddable":true,"href":"https:\/\/tcg.adv.br\/adv\/wp-json\/wp\/v2\/comments?post=3"}],"version-history":[{"count":22,"href":"https:\/\/tcg.adv.br\/adv\/wp-json\/wp\/v2\/pages\/3\/revisions"}],"predecessor-version":[{"id":1316,"href":"https:\/\/tcg.adv.br\/adv\/wp-json\/wp\/v2\/pages\/3\/revisions\/1316"}],"wp:attachment":[{"href":"https:\/\/tcg.adv.br\/adv\/wp-json\/wp\/v2\/media?parent=3"}],"curies":[{"name":"wp","href":"https:\/\/api.w.org\/{rel}","templated":true}]}}