{"id":845,"date":"2023-11-10T10:35:41","date_gmt":"2023-11-10T13:35:41","guid":{"rendered":"https:\/\/tcg.adv.br\/adv\/?page_id=845"},"modified":"2023-11-16T21:35:51","modified_gmt":"2023-11-17T00:35:51","slug":"sobre-nos","status":"publish","type":"page","link":"https:\/\/tcg.adv.br\/adv\/sobre-nos\/","title":{"rendered":"Sobre N\u00f3s"},"content":{"rendered":"\t\t<div data-elementor-type=\"wp-page\" data-elementor-id=\"845\" class=\"elementor elementor-845\">\n\t\t\t\t<div class=\"elementor-element elementor-element-76acff1 e-flex e-con-boxed e-con e-parent\" data-id=\"76acff1\" data-element_type=\"container\" data-e-type=\"container\">\n\t\t\t\t\t<div class=\"e-con-inner\">\n\t\t\t\t<div class=\"elementor-element elementor-element-da5ca0a elementor-widget elementor-widget-heading\" data-id=\"da5ca0a\" data-element_type=\"widget\" data-e-type=\"widget\" data-widget_type=\"heading.default\">\n\t\t\t\t<div class=\"elementor-widget-container\">\n\t\t\t\t\t<h2 class=\"elementor-heading-title elementor-size-default\">Sobre n\u00f3s<\/h2>\t\t\t\t<\/div>\n\t\t\t\t<\/div>\n\t\t\t\t\t<\/div>\n\t\t\t\t<\/div>\n\t\t<div class=\"elementor-element elementor-element-859b43c e-flex e-con-boxed e-con e-parent\" data-id=\"859b43c\" data-element_type=\"container\" data-e-type=\"container\">\n\t\t\t\t\t<div class=\"e-con-inner\">\n\t\t\t\t<div class=\"elementor-element elementor-element-7ee4481 elementor-widget-divider--view-line elementor-widget elementor-widget-divider\" data-id=\"7ee4481\" data-element_type=\"widget\" data-e-type=\"widget\" data-widget_type=\"divider.default\">\n\t\t\t\t<div class=\"elementor-widget-container\">\n\t\t\t\t\t\t\t<div class=\"elementor-divider\">\n\t\t\t<span class=\"elementor-divider-separator\">\n\t\t\t\t\t\t<\/span>\n\t\t<\/div>\n\t\t\t\t\t\t<\/div>\n\t\t\t\t<\/div>\n\t\t\t\t\t<\/div>\n\t\t\t\t<\/div>\n\t\t<div class=\"elementor-element elementor-element-f743b83 e-flex e-con-boxed e-con e-parent\" data-id=\"f743b83\" data-element_type=\"container\" data-e-type=\"container\">\n\t\t\t\t\t<div class=\"e-con-inner\">\n\t\t<div class=\"elementor-element elementor-element-1707a8f e-con-full e-flex e-con e-child\" data-id=\"1707a8f\" data-element_type=\"container\" data-e-type=\"container\">\n\t\t\t\t<div class=\"elementor-element elementor-element-059db20 elementor-widget elementor-widget-heading\" data-id=\"059db20\" data-element_type=\"widget\" data-e-type=\"widget\" data-widget_type=\"heading.default\">\n\t\t\t\t<div class=\"elementor-widget-container\">\n\t\t\t\t\t<h2 class=\"elementor-heading-title elementor-size-default\">40 anos<br>dedicados<br>ao Direito<\/h2>\t\t\t\t<\/div>\n\t\t\t\t<\/div>\n\t\t\t\t<\/div>\n\t\t<div class=\"elementor-element elementor-element-c53f4a4 e-con-full e-flex e-con e-child\" data-id=\"c53f4a4\" data-element_type=\"container\" data-e-type=\"container\">\n\t\t\t\t<div class=\"elementor-element elementor-element-077afa0 elementor-widget elementor-widget-text-editor\" data-id=\"077afa0\" data-element_type=\"widget\" data-e-type=\"widget\" data-widget_type=\"text-editor.default\">\n\t\t\t\t<div class=\"elementor-widget-container\">\n\t\t\t\t\t\t\t\t\t<p>Em atividade desde 1983, temos como foco de nossa atua\u00e7\u00e3o a \u00e1rea de solu\u00e7\u00e3o de conflitos, tanto no \u00e2mbito judicial quanto no administrativo, compreendendo a representa\u00e7\u00e3o de nossos clientes de forma abrangente, perante todos os tribunais do pa\u00eds e ag\u00eancias reguladoras, em temas relacionados ao Direito Civil e Comercial.<\/p><p>Nossos advogados possuem ampla experi\u00eancia na condu\u00e7\u00e3o de a\u00e7\u00f5es judiciais relevantes, cuidando de temas considerados estrat\u00e9gicos por nossos clientes, sempre buscando as solu\u00e7\u00f5es mais adequadas, criativas e eficientes.<\/p><p>Atuamos na consultoria e advocacia na defesa de interesses de empresas em procedimentos p\u00f3s licitat\u00f3rios. Somos especializados em cobran\u00e7a e recupera\u00e7\u00e3o de cr\u00e9ditos para empresas automobil\u00edsticas junto aos entes governamentais: federal, estadual e municipal de forma r\u00e1pida e precisa; contamos com profissionais capacitados para realizar um atendimento de excel\u00eancia nas fases administrativa e jur\u00eddica, como ingresso de a\u00e7\u00f5es de cobran\u00e7a e execu\u00e7\u00f5es contra as fazendas publicas.<\/p><p><span style=\"color: var( --e-global-color-text ); font-family: var( --e-global-typography-text-font-family ), Sans-serif; font-size: var( --e-global-typography-text-font-size ); font-weight: var( --e-global-typography-text-font-weight ); letter-spacing: 0px;\">Nossos profissionais possuem ampla experi\u00eancia em lit\u00edgios de natureza empresarial, disputas civis, comerciais, discuss\u00e3o e execu\u00e7\u00e3o sobre contratos empresariais, financeiros e de consumidor.<\/span><\/p><p><span style=\"color: var( --e-global-color-text ); font-family: var( --e-global-typography-text-font-family ), Sans-serif; font-size: var( --e-global-typography-text-font-size ); font-weight: var( --e-global-typography-text-font-weight ); letter-spacing: 0px;\">Equipe altamente especializada, coordenada por profissionais de reconhecida experi\u00eancia na \u00e1rea, adquirida ao longo de anos de atua\u00e7\u00e3o na advocacia e consultoria jur\u00eddica.<\/span><\/p>\t\t\t\t\t\t\t\t<\/div>\n\t\t\t\t<\/div>\n\t\t\t\t<\/div>\n\t\t\t\t\t<\/div>\n\t\t\t\t<\/div>\n\t\t<div class=\"elementor-element elementor-element-d1ed2f7 e-flex e-con-boxed e-con e-parent\" data-id=\"d1ed2f7\" data-element_type=\"container\" data-e-type=\"container\">\n\t\t\t\t\t<div class=\"e-con-inner\">\n\t\t\t\t\t<\/div>\n\t\t\t\t<\/div>\n\t\t\t\t<\/div>\n\t\t","protected":false},"excerpt":{"rendered":"<p>Sobre n\u00f3s 40 anosdedicadosao Direito Em atividade desde 1983, temos como foco de nossa atua\u00e7\u00e3o a \u00e1rea de solu\u00e7\u00e3o de conflitos, tanto no \u00e2mbito judicial quanto no administrativo, compreendendo a representa\u00e7\u00e3o de nossos clientes de forma abrangente, perante todos os tribunais do pa\u00eds e ag\u00eancias reguladoras, em temas relacionados ao Direito Civil e Comercial. Nossos [&hellip;]<\/p>\n","protected":false},"author":1,"featured_media":0,"parent":0,"menu_order":0,"comment_status":"closed","ping_status":"closed","template":"elementor_header_footer","meta":{"footnotes":""},"class_list":["post-845","page","type-page","status-publish","hentry"],"_links":{"self":[{"href":"https:\/\/tcg.adv.br\/adv\/wp-json\/wp\/v2\/pages\/845","targetHints":{"allow":["GET"]}}],"collection":[{"href":"https:\/\/tcg.adv.br\/adv\/wp-json\/wp\/v2\/pages"}],"about":[{"href":"https:\/\/tcg.adv.br\/adv\/wp-json\/wp\/v2\/types\/page"}],"author":[{"embeddable":true,"href":"https:\/\/tcg.adv.br\/adv\/wp-json\/wp\/v2\/users\/1"}],"replies":[{"embeddable":true,"href":"https:\/\/tcg.adv.br\/adv\/wp-json\/wp\/v2\/comments?post=845"}],"version-history":[{"count":91,"href":"https:\/\/tcg.adv.br\/adv\/wp-json\/wp\/v2\/pages\/845\/revisions"}],"predecessor-version":[{"id":1294,"href":"https:\/\/tcg.adv.br\/adv\/wp-json\/wp\/v2\/pages\/845\/revisions\/1294"}],"wp:attachment":[{"href":"https:\/\/tcg.adv.br\/adv\/wp-json\/wp\/v2\/media?parent=845"}],"curies":[{"name":"wp","href":"https:\/\/api.w.org\/{rel}","templated":true}]}}